{"id":121,"date":"2021-08-18T18:53:46","date_gmt":"2021-08-18T23:53:46","guid":{"rendered":"https:\/\/witt.mx\/tienda\/?post_type=product&#038;p=121"},"modified":"2022-08-12T14:04:10","modified_gmt":"2022-08-12T19:04:10","slug":"cerradura-freya21","status":"publish","type":"product","link":"https:\/\/witt.mx\/tienda\/product\/cerradura-freya21\/","title":{"rendered":"Cerradura Seyo FREYA21"},"content":{"rendered":"<p><strong>COLOR:<\/strong>\u00a0NEGRO CON PLATA<br \/>\n<strong>MATERIAL:<\/strong>\u00a0ALEACI\u00d3N DE ZINC<br \/>\n<strong>MEDIDAS:<\/strong>\u00a0170*70*20 MM<br \/>\n<strong>PESO:<\/strong>\u00a02.5 Kg<br \/>\n<strong>TIPO DE PUERTAS:<\/strong>\u00a0PUERTAS DE MADERA Y ALUMINIO<br \/>\n<strong>APTO EXTERIOR:<\/strong>\u00a0NO<br \/>\n<strong>GROSOR DE PUERTA:<\/strong>\u00a030 MM &gt; 80 MM<br \/>\n<strong>MECANISMO:<\/strong>\u00a060*85 MM<br \/>\n<strong>CAPACIDAD DE DATOS:<\/strong>\u00a0200 HUELLAS DACTILARES, 150 C\u00d3DIGOS PERSONALIZADOS, \u00a0200 TARJETAS DE ACCESO<br \/>\n<strong>TARJETA DE PROXIMIDAD:<\/strong>\u00a0TARJETAS M1 (13.56HZ)<br \/>\n<strong>LECTOR HUELLA DACTILAR:<\/strong>\u00a0SEMICONDUCTOR<br \/>\n<strong>DURACI\u00d3N DE BATER\u00cdAS<\/strong>: &gt;5,000 APERTURAS<br \/>\n<strong>VOLTAJE:<\/strong>\u00a06V<br \/>\n<strong>TIPO DE BATER\u00cdAS:<\/strong>\u00a08X AAA BATER\u00cdAS<br \/>\n<strong>TEMPERATURA DE TRABAJO:<\/strong>\u00a0-25 c A 60c<br \/>\n<strong>TEMPERATURA DE HUMEDAD:<\/strong>\u00a010% \u2013 95%<br \/>\n<strong>MEDIDAS DE CAJA:<\/strong>\u00a023.5*20*11 CM<\/p>\n","protected":false},"excerpt":{"rendered":"<p>Las cerraduras inteligentes SEYO cubren con la practicidad, dise\u00f1o y alto grado de control de acceso que siempre has buscado, ya que ofrecen hasta SEIS m\u00e9todos de apertura. La tecnolog\u00eda de su aplicaci\u00f3n TT LOCK permite llevar la administraci\u00f3n total de la cerradura desde cualquier dispositivo m\u00f3vil. Su administraci\u00f3n mediante la aplicaci\u00f3n incluye desde monitoreo de nivel de la bater\u00eda hasta visualizaci\u00f3n del registro de las aperturas y ofrece la opci\u00f3n de recibir notificaciones a su celular cada vez que una apertura es realizada.<\/p>\n","protected":false},"featured_media":122,"comment_status":"open","ping_status":"closed","template":"","meta":{"_joinchat":[]},"product_cat":[21,28],"product_tag":[26,23,22,25,24],"class_list":{"0":"post-121","1":"product","2":"type-product","3":"status-publish","4":"has-post-thumbnail","6":"product_cat-cerraduras-inteligentes","7":"product_cat-seyo","8":"product_tag-cerradura-digital","9":"product_tag-cerradura-inteligente","10":"product_tag-cerradura-seyo","11":"product_tag-cerradura-sin-llave","12":"product_tag-chapa-inteligente","14":"first","15":"instock","16":"taxable","17":"shipping-taxable","18":"purchasable","19":"product-type-simple"},"yoast_head":"<!-- This site is optimized with the Yoast SEO plugin v21.9.1 - https:\/\/yoast.com\/wordpress\/plugins\/seo\/ -->\n<title>Cerradura Seyo FREYA21 - Witt Smart Systems<\/title>\n<meta name=\"robots\" content=\"index, follow, max-snippet:-1, max-image-preview:large, max-video-preview:-1\" \/>\n<link rel=\"canonical\" href=\"https:\/\/witt.mx\/tienda\/product\/cerradura-freya21\/\" \/>\n<meta property=\"og:locale\" content=\"es_ES\" \/>\n<meta property=\"og:type\" content=\"article\" \/>\n<meta property=\"og:title\" content=\"Cerradura Seyo FREYA21 - Witt Smart Systems\" \/>\n<meta property=\"og:description\" content=\"Las cerraduras inteligentes SEYO cubren con la practicidad, dise\u00f1o y alto grado de control de acceso que siempre has buscado, ya que ofrecen hasta SEIS m\u00e9todos de apertura. La tecnolog\u00eda de su aplicaci\u00f3n TT LOCK permite llevar la administraci\u00f3n total de la cerradura desde cualquier dispositivo m\u00f3vil. Su administraci\u00f3n mediante la aplicaci\u00f3n incluye desde monitoreo de nivel de la bater\u00eda hasta visualizaci\u00f3n del registro de las aperturas y ofrece la opci\u00f3n de recibir notificaciones a su celular cada vez que una apertura es realizada.\" \/>\n<meta property=\"og:url\" content=\"https:\/\/witt.mx\/tienda\/product\/cerradura-freya21\/\" \/>\n<meta property=\"og:site_name\" content=\"Witt Smart Systems\" \/>\n<meta property=\"article:modified_time\" content=\"2022-08-12T19:04:10+00:00\" \/>\n<meta property=\"og:image\" content=\"https:\/\/witt.mx\/tienda\/wp-content\/uploads\/2021\/08\/FREYA19.jpg\" \/>\n\t<meta property=\"og:image:width\" content=\"1080\" \/>\n\t<meta property=\"og:image:height\" content=\"1080\" \/>\n\t<meta property=\"og:image:type\" content=\"image\/jpeg\" \/>\n<meta name=\"twitter:card\" content=\"summary_large_image\" \/>\n<script type=\"application\/ld+json\" class=\"yoast-schema-graph\">{\"@context\":\"https:\/\/schema.org\",\"@graph\":[{\"@type\":\"WebPage\",\"@id\":\"https:\/\/witt.mx\/tienda\/product\/cerradura-freya21\/\",\"url\":\"https:\/\/witt.mx\/tienda\/product\/cerradura-freya21\/\",\"name\":\"Cerradura Seyo FREYA21 - Witt Smart Systems\",\"isPartOf\":{\"@id\":\"https:\/\/witt.mx\/tienda\/#website\"},\"datePublished\":\"2021-08-18T23:53:46+00:00\",\"dateModified\":\"2022-08-12T19:04:10+00:00\",\"breadcrumb\":{\"@id\":\"https:\/\/witt.mx\/tienda\/product\/cerradura-freya21\/#breadcrumb\"},\"inLanguage\":\"es\",\"potentialAction\":[{\"@type\":\"ReadAction\",\"target\":[\"https:\/\/witt.mx\/tienda\/product\/cerradura-freya21\/\"]}]},{\"@type\":\"BreadcrumbList\",\"@id\":\"https:\/\/witt.mx\/tienda\/product\/cerradura-freya21\/#breadcrumb\",\"itemListElement\":[{\"@type\":\"ListItem\",\"position\":1,\"name\":\"Portada\",\"item\":\"https:\/\/witt.mx\/tienda\/\"},{\"@type\":\"ListItem\",\"position\":2,\"name\":\"Tienda de Tecnolog\u00eda en M\u00e9xico\",\"item\":\"https:\/\/witt.mx\/tienda\/\"},{\"@type\":\"ListItem\",\"position\":3,\"name\":\"Cerradura Seyo FREYA21\"}]},{\"@type\":\"WebSite\",\"@id\":\"https:\/\/witt.mx\/tienda\/#website\",\"url\":\"https:\/\/witt.mx\/tienda\/\",\"name\":\"Witt Smart Systems\",\"description\":\"Tienda de Tecnolog\u00eda\",\"publisher\":{\"@id\":\"https:\/\/witt.mx\/tienda\/#organization\"},\"potentialAction\":[{\"@type\":\"SearchAction\",\"target\":{\"@type\":\"EntryPoint\",\"urlTemplate\":\"https:\/\/witt.mx\/tienda\/?s={search_term_string}\"},\"query-input\":\"required name=search_term_string\"}],\"inLanguage\":\"es\"},{\"@type\":\"Organization\",\"@id\":\"https:\/\/witt.mx\/tienda\/#organization\",\"name\":\"Witt Smart Systems\",\"url\":\"https:\/\/witt.mx\/tienda\/\",\"logo\":{\"@type\":\"ImageObject\",\"inLanguage\":\"es\",\"@id\":\"https:\/\/witt.mx\/tienda\/#\/schema\/logo\/image\/\",\"url\":\"https:\/\/witt.mx\/tienda\/wp-content\/uploads\/2021\/08\/witt-logo.png\",\"contentUrl\":\"https:\/\/witt.mx\/tienda\/wp-content\/uploads\/2021\/08\/witt-logo.png\",\"width\":2201,\"height\":1485,\"caption\":\"Witt Smart Systems\"},\"image\":{\"@id\":\"https:\/\/witt.mx\/tienda\/#\/schema\/logo\/image\/\"}}]}<\/script>\n<!-- \/ Yoast SEO plugin. -->","yoast_head_json":{"title":"Cerradura Seyo FREYA21 - Witt Smart Systems","robots":{"index":"index","follow":"follow","max-snippet":"max-snippet:-1","max-image-preview":"max-image-preview:large","max-video-preview":"max-video-preview:-1"},"canonical":"https:\/\/witt.mx\/tienda\/product\/cerradura-freya21\/","og_locale":"es_ES","og_type":"article","og_title":"Cerradura Seyo FREYA21 - Witt Smart Systems","og_description":"Las cerraduras inteligentes SEYO cubren con la practicidad, dise\u00f1o y alto grado de control de acceso que siempre has buscado, ya que ofrecen hasta SEIS m\u00e9todos de apertura. La tecnolog\u00eda de su aplicaci\u00f3n TT LOCK permite llevar la administraci\u00f3n total de la cerradura desde cualquier dispositivo m\u00f3vil. Su administraci\u00f3n mediante la aplicaci\u00f3n incluye desde monitoreo de nivel de la bater\u00eda hasta visualizaci\u00f3n del registro de las aperturas y ofrece la opci\u00f3n de recibir notificaciones a su celular cada vez que una apertura es realizada.","og_url":"https:\/\/witt.mx\/tienda\/product\/cerradura-freya21\/","og_site_name":"Witt Smart Systems","article_modified_time":"2022-08-12T19:04:10+00:00","og_image":[{"width":1080,"height":1080,"url":"https:\/\/witt.mx\/tienda\/wp-content\/uploads\/2021\/08\/FREYA19.jpg","type":"image\/jpeg"}],"twitter_card":"summary_large_image","schema":{"@context":"https:\/\/schema.org","@graph":[{"@type":"WebPage","@id":"https:\/\/witt.mx\/tienda\/product\/cerradura-freya21\/","url":"https:\/\/witt.mx\/tienda\/product\/cerradura-freya21\/","name":"Cerradura Seyo FREYA21 - Witt Smart Systems","isPartOf":{"@id":"https:\/\/witt.mx\/tienda\/#website"},"datePublished":"2021-08-18T23:53:46+00:00","dateModified":"2022-08-12T19:04:10+00:00","breadcrumb":{"@id":"https:\/\/witt.mx\/tienda\/product\/cerradura-freya21\/#breadcrumb"},"inLanguage":"es","potentialAction":[{"@type":"ReadAction","target":["https:\/\/witt.mx\/tienda\/product\/cerradura-freya21\/"]}]},{"@type":"BreadcrumbList","@id":"https:\/\/witt.mx\/tienda\/product\/cerradura-freya21\/#breadcrumb","itemListElement":[{"@type":"ListItem","position":1,"name":"Portada","item":"https:\/\/witt.mx\/tienda\/"},{"@type":"ListItem","position":2,"name":"Tienda de Tecnolog\u00eda en M\u00e9xico","item":"https:\/\/witt.mx\/tienda\/"},{"@type":"ListItem","position":3,"name":"Cerradura Seyo FREYA21"}]},{"@type":"WebSite","@id":"https:\/\/witt.mx\/tienda\/#website","url":"https:\/\/witt.mx\/tienda\/","name":"Witt Smart Systems","description":"Tienda de Tecnolog\u00eda","publisher":{"@id":"https:\/\/witt.mx\/tienda\/#organization"},"potentialAction":[{"@type":"SearchAction","target":{"@type":"EntryPoint","urlTemplate":"https:\/\/witt.mx\/tienda\/?s={search_term_string}"},"query-input":"required name=search_term_string"}],"inLanguage":"es"},{"@type":"Organization","@id":"https:\/\/witt.mx\/tienda\/#organization","name":"Witt Smart Systems","url":"https:\/\/witt.mx\/tienda\/","logo":{"@type":"ImageObject","inLanguage":"es","@id":"https:\/\/witt.mx\/tienda\/#\/schema\/logo\/image\/","url":"https:\/\/witt.mx\/tienda\/wp-content\/uploads\/2021\/08\/witt-logo.png","contentUrl":"https:\/\/witt.mx\/tienda\/wp-content\/uploads\/2021\/08\/witt-logo.png","width":2201,"height":1485,"caption":"Witt Smart Systems"},"image":{"@id":"https:\/\/witt.mx\/tienda\/#\/schema\/logo\/image\/"}}]}},"jetpack_sharing_enabled":true,"_links":{"self":[{"href":"https:\/\/witt.mx\/tienda\/wp-json\/wp\/v2\/product\/121","targetHints":{"allow":["GET"]}}],"collection":[{"href":"https:\/\/witt.mx\/tienda\/wp-json\/wp\/v2\/product"}],"about":[{"href":"https:\/\/witt.mx\/tienda\/wp-json\/wp\/v2\/types\/product"}],"replies":[{"embeddable":true,"href":"https:\/\/witt.mx\/tienda\/wp-json\/wp\/v2\/comments?post=121"}],"wp:featuredmedia":[{"embeddable":true,"href":"https:\/\/witt.mx\/tienda\/wp-json\/wp\/v2\/media\/122"}],"wp:attachment":[{"href":"https:\/\/witt.mx\/tienda\/wp-json\/wp\/v2\/media?parent=121"}],"wp:term":[{"taxonomy":"product_cat","embeddable":true,"href":"https:\/\/witt.mx\/tienda\/wp-json\/wp\/v2\/product_cat?post=121"},{"taxonomy":"product_tag","embeddable":true,"href":"https:\/\/witt.mx\/tienda\/wp-json\/wp\/v2\/product_tag?post=121"}],"curies":[{"name":"wp","href":"https:\/\/api.w.org\/{rel}","templated":true}]}}